{"id":1997,"date":"2019-08-13T15:05:06","date_gmt":"2019-08-13T18:05:06","guid":{"rendered":"https:\/\/ultrassonografialagoasanta.com.br\/?page_id=1997"},"modified":"2026-05-01T12:28:58","modified_gmt":"2026-05-01T15:28:58","slug":"ultrassom","status":"publish","type":"page","link":"https:\/\/ultrassonografialagoasanta.com.br\/","title":{"rendered":"Ultrassom"},"content":{"rendered":"<div id=\"pl-1997\"  class=\"panel-layout\" ><div id=\"pg-1997-0\"  class=\"panel-grid panel-has-style\" ><div class=\"siteorigin-panels-stretch panel-row-style panel-row-style-for-1997-0\" style=\"padding: 0px 0; \" data-stretch-type=\"full-width-stretch\" data-overlay=\"true\" data-overlay-color=\"#000000\" ><div id=\"pgc-1997-0-0\"  class=\"panel-grid-cell\" ><div id=\"panel-1997-0-0-0\" class=\"so-panel widget widget_sow-slider panel-first-child panel-last-child\" data-index=\"0\" ><div style=\"text-align: left;\" data-title-color=\"#443f3f\" data-headings-color=\"#443f3f\" class=\"panel-widget-style panel-widget-style-for-1997-0-0-0\" ><div\n\t\t\t\n\t\t\tclass=\"so-widget-sow-slider so-widget-sow-slider-default-6d39609536fd-1997\"\n\t\t\t\n\t\t>\t\t\t\t<div class=\"sow-slider-base\" style=\"display: none\" tabindex=\"0\">\n\t\t\t\t\t<ul\n\t\t\t\t\tclass=\"sow-slider-images\"\n\t\t\t\t\tdata-settings=\"{&quot;pagination&quot;:true,&quot;speed&quot;:800,&quot;timeout&quot;:9000,&quot;paused&quot;:false,&quot;pause_on_hover&quot;:false,&quot;swipe&quot;:true,&quot;nav_always_show_desktop&quot;:&quot;&quot;,&quot;nav_always_show_mobile&quot;:&quot;&quot;,&quot;breakpoint&quot;:&quot;780px&quot;,&quot;unmute&quot;:false,&quot;anchor&quot;:null}\"\n\t\t\t\t\t\t\t\t\t\tdata-anchor-id=\"\"\n\t\t\t\t>\t\t<li class=\"sow-slider-image\" style=\"visibility: visible;\" >\n\t\t\t\t\t\t<img loading=\"lazy\" decoding=\"async\" width=\"1600\" height=\"734\" src=\"https:\/\/ultrassonografialagoasanta.com.br\/wp-content\/uploads\/2019\/08\/slider-2.jpg\" class=\"sow-slider-background-image\" alt=\"ultrassom lagoa santa\" style=\"\" srcset=\"https:\/\/ultrassonografialagoasanta.com.br\/wp-content\/uploads\/2019\/08\/slider-2.jpg 1600w, https:\/\/ultrassonografialagoasanta.com.br\/wp-content\/uploads\/2019\/08\/slider-2-300x138.jpg 300w, https:\/\/ultrassonografialagoasanta.com.br\/wp-content\/uploads\/2019\/08\/slider-2-768x352.jpg 768w, https:\/\/ultrassonografialagoasanta.com.br\/wp-content\/uploads\/2019\/08\/slider-2-1024x470.jpg 1024w\" sizes=\"(max-width: 1600px) 100vw, 1600px\" \/>\t\t<\/li>\n\t\t\t\t<li class=\"sow-slider-image\" style=\"visibility: hidden;\" >\n\t\t\t\t\t\t<img loading=\"lazy\" decoding=\"async\" width=\"1600\" height=\"734\" src=\"https:\/\/ultrassonografialagoasanta.com.br\/wp-content\/uploads\/2019\/08\/slider-3.jpg\" class=\"sow-slider-background-image\" alt=\"ultrassonografia lagoa santa\" style=\"\" srcset=\"https:\/\/ultrassonografialagoasanta.com.br\/wp-content\/uploads\/2019\/08\/slider-3.jpg 1600w, https:\/\/ultrassonografialagoasanta.com.br\/wp-content\/uploads\/2019\/08\/slider-3-300x138.jpg 300w, https:\/\/ultrassonografialagoasanta.com.br\/wp-content\/uploads\/2019\/08\/slider-3-768x352.jpg 768w, https:\/\/ultrassonografialagoasanta.com.br\/wp-content\/uploads\/2019\/08\/slider-3-1024x470.jpg 1024w\" sizes=\"(max-width: 1600px) 100vw, 1600px\" \/>\t\t<\/li>\n\t\t<\/ul>\t\t\t\t<ol class=\"sow-slider-pagination\">\n\t\t\t\t\t\t\t\t\t\t\t<li><a href=\"#\" data-goto=\"0\" aria-label=\"Display slide 1\"><\/a><\/li>\n\t\t\t\t\t\t\t\t\t\t\t<li><a href=\"#\" data-goto=\"1\" aria-label=\"Display slide 2\"><\/a><\/li>\n\t\t\t\t\t\t\t\t\t<\/ol>\n\n\t\t\t\t<div class=\"sow-slide-nav sow-slide-nav-next\">\n\t\t\t\t\t<a href=\"#\" data-goto=\"next\" aria-label=\"Next slide\" data-action=\"next\">\n\t\t\t\t\t\t<em class=\"sow-sld-icon-thin-right\"><\/em>\n\t\t\t\t\t<\/a>\n\t\t\t\t<\/div>\n\n\t\t\t\t<div class=\"sow-slide-nav sow-slide-nav-prev\">\n\t\t\t\t\t<a href=\"#\" data-goto=\"previous\" aria-label=\"Previous slide\" data-action=\"prev\">\n\t\t\t\t\t\t<em class=\"sow-sld-icon-thin-left\"><\/em>\n\t\t\t\t\t<\/a>\n\t\t\t\t<\/div>\n\t\t\t\t<\/div><\/div><\/div><\/div><\/div><\/div><\/div><div id=\"pg-1997-1\"  class=\"panel-grid panel-has-style\" ><div style=\"padding: 100px 0; \" data-overlay=\"true\" data-overlay-color=\"#000000\" class=\"panel-row-style panel-row-style-for-1997-1\" ><div id=\"pgc-1997-1-0\"  class=\"panel-grid-cell\" ><div id=\"panel-1997-1-0-0\" class=\"so-panel widget widget_sow-editor panel-first-child panel-last-child\" data-index=\"1\" ><div style=\"text-align: left;\" data-title-color=\"#443f3f\" data-headings-color=\"#443f3f\" class=\"panel-widget-style panel-widget-style-for-1997-1-0-0\" ><div\n\t\t\t\n\t\t\tclass=\"so-widget-sow-editor so-widget-sow-editor-base\"\n\t\t\t\n\t\t><h3 class=\"widget-title\">Quem somos<\/h3>\n<div class=\"siteorigin-widget-tinymce textwidget\">\n\t<h3>A qualidade da <strong>Ultrassonografia S\u00e3o Camilo<\/strong> agora na Cl\u00ednica Lagoa Santa.<\/h3>\n<\/div>\n<\/div><\/div><\/div><\/div><div id=\"pgc-1997-1-1\"  class=\"panel-grid-cell\" ><div id=\"panel-1997-1-1-0\" class=\"so-panel widget widget_sow-image panel-first-child panel-last-child\" data-index=\"2\" ><div style=\"text-align: left;\" data-title-color=\"#443f3f\" data-headings-color=\"#443f3f\" class=\"panel-widget-style panel-widget-style-for-1997-1-1-0\" ><div\n\t\t\t\n\t\t\tclass=\"so-widget-sow-image so-widget-sow-image-default-e4c2d9f6c920-1997\"\n\t\t\t\n\t\t>\n<div class=\"sow-image-container\">\n\t\t<img \n\tsrc=\"https:\/\/ultrassonografialagoasanta.com.br\/wp-content\/uploads\/2020\/02\/quem-somos.png\" width=\"634\" height=\"398\" srcset=\"https:\/\/ultrassonografialagoasanta.com.br\/wp-content\/uploads\/2020\/02\/quem-somos.png 634w, https:\/\/ultrassonografialagoasanta.com.br\/wp-content\/uploads\/2020\/02\/quem-somos-300x188.png 300w, https:\/\/ultrassonografialagoasanta.com.br\/wp-content\/uploads\/2020\/02\/quem-somos-230x144.png 230w, https:\/\/ultrassonografialagoasanta.com.br\/wp-content\/uploads\/2020\/02\/quem-somos-350x220.png 350w, https:\/\/ultrassonografialagoasanta.com.br\/wp-content\/uploads\/2020\/02\/quem-somos-480x301.png 480w\" sizes=\"(max-width: 634px) 100vw, 634px\" alt=\"ultrassonografia lagoa santa quem somos\" \t\tclass=\"so-widget-image\"\/>\n\t<\/div>\n\n<\/div><\/div><\/div><\/div><\/div><\/div><div id=\"pg-1997-2\"  class=\"panel-grid panel-has-style\" ><div class=\"siteorigin-panels-stretch panel-row-style panel-row-style-for-1997-2\" style=\"background-image: url(https:\/\/ultrassonografialagoasanta.com.br\/wp-content\/uploads\/2019\/08\/slider-6.jpg);padding: 100px 0; \" data-stretch-type=\"full\" data-hasbg=\"hasbg\" data-overlay=\"true\" data-overlay-color=\"#000000\" ><div id=\"pgc-1997-2-0\"  class=\"panel-grid-cell\" ><div id=\"panel-1997-2-0-0\" class=\"so-panel widget widget_sow-editor panel-first-child panel-last-child\" data-index=\"3\" ><div style=\"text-align: left;\" data-headings-color=\"#ffffff\" class=\"panel-widget-style panel-widget-style-for-1997-2-0-0\" ><div\n\t\t\t\n\t\t\tclass=\"so-widget-sow-editor so-widget-sow-editor-base\"\n\t\t\t\n\t\t>\n<div class=\"siteorigin-widget-tinymce textwidget\">\n\t<h2 class=\"cl-itext type_fadeIn align_center dynamic_bold cl_custom_css_1\" style=\"font-size:50px;\" onclick='return {\"duration\":300,\"delay\":5000}'><span class=\"cl-itext-part changesat_0 changesat_1 changesat_2 dynamic\" onclick='return [\"Tratamento\",\"Comprometimento\",\"A\"]'>Tratamento<\/span>\u00a0<span class=\"cl-itext-part changesat_0 changesat_1 changesat_2 dynamic\" onclick='return [\"\",\"e\",\"imagem\"]'><\/span><span class=\"cl-itext-part changesat_0 changesat_2 dynamic\" onclick='return [\"\",\"\\u00a0\",\"\\u00a0\"]'><\/span><span class=\"cl-itext-part changesat_0 changesat_1 changesat_2 dynamic\" onclick='return [\"Humanizado\",\"Compet\\u00eancia\",\"a\\u00a0servi\\u00e7o\\u00a0da\\u00a0vida!\"]'>Humanizado<\/span><\/h2><style type=\"text\/css\">@media only screen and (max-width: 599px) {.cl_custom_css_1 { font-size: 30px !important; }}<\/style>\n<\/div>\n<\/div><\/div><\/div><\/div><\/div><\/div><div id=\"pg-1997-3\"  class=\"panel-grid panel-has-style\" ><div style=\"padding: 100px 0; \" data-overlay=\"true\" data-overlay-color=\"#000000\" class=\"panel-row-style panel-row-style-for-1997-3\" ><div id=\"pgc-1997-3-0\"  class=\"panel-grid-cell\" ><div id=\"panel-1997-3-0-0\" class=\"so-panel widget widget_sow-editor panel-first-child panel-last-child\" data-index=\"4\" ><div style=\"text-align: left;\" data-title-color=\"#443f3f\" data-headings-color=\"#443f3f\" class=\"panel-widget-style panel-widget-style-for-1997-3-0-0\" ><div\n\t\t\t\n\t\t\tclass=\"so-widget-sow-editor so-widget-sow-editor-base\"\n\t\t\t\n\t\t><h3 class=\"widget-title\">Corpo Cl\u00ednico<\/h3>\n<div class=\"siteorigin-widget-tinymce textwidget\">\n\t<\/div>\n<\/div><\/div><\/div><\/div><div id=\"pgc-1997-3-1\"  class=\"panel-grid-cell\" ><div id=\"panel-1997-3-1-0\" class=\"so-panel widget widget_sow-editor panel-first-child panel-last-child\" data-index=\"5\" ><div style=\"text-align: left;\" data-title-color=\"#443f3f\" data-headings-color=\"#443f3f\" class=\"panel-widget-style panel-widget-style-for-1997-3-1-0\" ><div\n\t\t\t\n\t\t\tclass=\"so-widget-sow-editor so-widget-sow-editor-base\"\n\t\t\t\n\t\t>\n<div class=\"siteorigin-widget-tinymce textwidget\">\n\t<p style=\"text-align: center;\"><img loading=\"lazy\" decoding=\"async\" class=\"aligncenter size-medium wp-image-2153\" src=\"http:\/\/ultrassonografialagoasanta.com.br\/wp-content\/uploads\/2020\/02\/dr-carlos-200x300.jpg\" alt=\"dr carlos\" width=\"200\" height=\"300\" srcset=\"https:\/\/ultrassonografialagoasanta.com.br\/wp-content\/uploads\/2020\/02\/dr-carlos-200x300.jpg 200w, https:\/\/ultrassonografialagoasanta.com.br\/wp-content\/uploads\/2020\/02\/dr-carlos-230x345.jpg 230w, https:\/\/ultrassonografialagoasanta.com.br\/wp-content\/uploads\/2020\/02\/dr-carlos-350x525.jpg 350w, https:\/\/ultrassonografialagoasanta.com.br\/wp-content\/uploads\/2020\/02\/dr-carlos-480x720.jpg 480w, https:\/\/ultrassonografialagoasanta.com.br\/wp-content\/uploads\/2020\/02\/dr-carlos.jpg 533w\" sizes=\"(max-width: 200px) 100vw, 200px\" \/><\/p>\n<p style=\"text-align: center;\">Dr. Carlos Magno Guerra Lages<\/p>\n<\/div>\n<\/div><\/div><\/div><\/div><div id=\"pgc-1997-3-2\"  class=\"panel-grid-cell\" ><div id=\"panel-1997-3-2-0\" class=\"so-panel widget widget_sow-editor panel-first-child panel-last-child\" data-index=\"6\" ><div style=\"text-align: left;\" data-title-color=\"#443f3f\" data-headings-color=\"#443f3f\" class=\"panel-widget-style panel-widget-style-for-1997-3-2-0\" ><div\n\t\t\t\n\t\t\tclass=\"so-widget-sow-editor so-widget-sow-editor-base\"\n\t\t\t\n\t\t>\n<div class=\"siteorigin-widget-tinymce textwidget\">\n\t<p style=\"text-align: center;\"><img loading=\"lazy\" decoding=\"async\" class=\"aligncenter size-medium wp-image-2155\" src=\"http:\/\/ultrassonografialagoasanta.com.br\/wp-content\/uploads\/2020\/02\/dra-rubia-200x300.jpg\" alt=\"dra rubia\" width=\"200\" height=\"300\" srcset=\"https:\/\/ultrassonografialagoasanta.com.br\/wp-content\/uploads\/2020\/02\/dra-rubia-200x300.jpg 200w, https:\/\/ultrassonografialagoasanta.com.br\/wp-content\/uploads\/2020\/02\/dra-rubia-230x345.jpg 230w, https:\/\/ultrassonografialagoasanta.com.br\/wp-content\/uploads\/2020\/02\/dra-rubia-350x525.jpg 350w, https:\/\/ultrassonografialagoasanta.com.br\/wp-content\/uploads\/2020\/02\/dra-rubia-480x720.jpg 480w, https:\/\/ultrassonografialagoasanta.com.br\/wp-content\/uploads\/2020\/02\/dra-rubia.jpg 533w\" sizes=\"(max-width: 200px) 100vw, 200px\" \/><\/p>\n<p style=\"text-align: center;\">Dra. R\u00fabia Rab\u00ealo Moreira<\/p>\n<\/div>\n<\/div><\/div><\/div><\/div><\/div><\/div><div id=\"pg-1997-4\"  class=\"panel-grid panel-has-style\" ><div class=\"siteorigin-panels-stretch panel-row-style panel-row-style-for-1997-4\" style=\"padding: 100px 0; \" data-stretch-type=\"full\" data-overlay=\"true\" data-overlay-color=\"#000000\" ><div id=\"pgc-1997-4-0\"  class=\"panel-grid-cell\" ><div id=\"panel-1997-4-0-0\" class=\"so-panel widget widget_sow-editor panel-first-child panel-last-child\" data-index=\"7\" ><div style=\"text-align: left;\" data-title-color=\"#443f3f\" data-headings-color=\"#443f3f\" class=\"panel-widget-style panel-widget-style-for-1997-4-0-0\" ><div\n\t\t\t\n\t\t\tclass=\"so-widget-sow-editor so-widget-sow-editor-base\"\n\t\t\t\n\t\t><h3 class=\"widget-title\">Tipos de Exames<\/h3>\n<div class=\"siteorigin-widget-tinymce textwidget\">\n\t<\/div>\n<\/div><\/div><\/div><\/div><div id=\"pgc-1997-4-1\"  class=\"panel-grid-cell\" ><div id=\"panel-1997-4-1-0\" class=\"so-panel widget widget_sow-editor panel-first-child panel-last-child\" data-index=\"8\" ><div style=\"text-align: left;\" data-title-color=\"#443f3f\" data-headings-color=\"#443f3f\" class=\"panel-widget-style panel-widget-style-for-1997-4-1-0\" ><div\n\t\t\t\n\t\t\tclass=\"so-widget-sow-editor so-widget-sow-editor-base\"\n\t\t\t\n\t\t>\n<div class=\"siteorigin-widget-tinymce textwidget\">\n\t<h4>Abdominal total<br \/>\nAparelho urin\u00e1rio<br \/>\nObst\u00e9trico<br \/>\n\u2022 Transabdominal<br \/>\n\u2022 Transvaginal<br \/>\nP\u00e9lvico feminino<br \/>\n\u2022 Transabdominal<br \/>\n\u2022 Transvaginal<br \/>\nP\u00e9lvico masculino<\/h4>\n<\/div>\n<\/div><\/div><\/div><\/div><div id=\"pgc-1997-4-2\"  class=\"panel-grid-cell\" ><div id=\"panel-1997-4-2-0\" class=\"so-panel widget widget_sow-editor panel-first-child panel-last-child\" data-index=\"9\" ><div style=\"text-align: left;\" data-title-color=\"#443f3f\" data-headings-color=\"#443f3f\" class=\"panel-widget-style panel-widget-style-for-1997-4-2-0\" ><div\n\t\t\t\n\t\t\tclass=\"so-widget-sow-editor so-widget-sow-editor-base\"\n\t\t\t\n\t\t>\n<div class=\"siteorigin-widget-tinymce textwidget\">\n\t<h4>Pr\u00f3stata transabdominal<br \/>\nEstruturas superficiais<br \/>\n\u2022 Mama<br \/>\n\u2022 Tireoide<br \/>\n\u2022 Cervical<br \/>\n\u2022 Par\u00f3tida<br \/>\n\u2022 Bolsa escrotal<br \/>\nExames com dopplerfluxometria a cores<\/h4>\n<\/div>\n<\/div><\/div><\/div><\/div><\/div><\/div><div id=\"pg-1997-5\"  class=\"panel-grid panel-has-style\" ><div style=\"padding: 100px 0; \" data-overlay=\"true\" data-overlay-color=\"#000000\" class=\"panel-row-style panel-row-style-for-1997-5\" ><div id=\"pgc-1997-5-0\"  class=\"panel-grid-cell\" ><div id=\"panel-1997-5-0-0\" class=\"so-panel widget widget_sow-editor panel-first-child panel-last-child\" data-index=\"10\" ><div style=\"text-align: left;\" data-title-color=\"#443f3f\" data-headings-color=\"#443f3f\" class=\"panel-widget-style panel-widget-style-for-1997-5-0-0\" ><div\n\t\t\t\n\t\t\tclass=\"so-widget-sow-editor so-widget-sow-editor-base\"\n\t\t\t\n\t\t><h3 class=\"widget-title\">Contato<\/h3>\n<div class=\"siteorigin-widget-tinymce textwidget\">\n\t<p>&nbsp;<\/p>\n<p>&nbsp;<\/p>\n<p><a href=\"https:\/\/www.instagram.com\/ultrassonografialagoasanta\/\" target=\"_blank\" rel=\"noopener\"><img loading=\"lazy\" decoding=\"async\" class=\"aligncenter wp-image-2091\" src=\"http:\/\/ultrassonografialagoasanta.com.br\/wp-content\/uploads\/2019\/09\/download.jpg\" alt=\"\" width=\"50\" height=\"50\" \/><\/a><\/p>\n<\/div>\n<\/div><\/div><\/div><\/div><div id=\"pgc-1997-5-1\"  class=\"panel-grid-cell\" ><div id=\"panel-1997-5-1-0\" class=\"so-panel widget widget_sow-editor panel-first-child panel-last-child\" data-index=\"11\" ><div style=\"text-align: left;\" data-title-color=\"#443f3f\" data-headings-color=\"#443f3f\" class=\"panel-widget-style panel-widget-style-for-1997-5-1-0\" ><div\n\t\t\t\n\t\t\tclass=\"so-widget-sow-editor so-widget-sow-editor-base\"\n\t\t\t\n\t\t>\n<div class=\"siteorigin-widget-tinymce textwidget\">\n\t<p><img loading=\"lazy\" decoding=\"async\" class=\"size-medium wp-image-2146 alignleft\" src=\"http:\/\/ultrassonografialagoasanta.com.br\/wp-content\/uploads\/2020\/02\/wzap-300x58.png\" alt=\"ultrassom lagoa santa\" width=\"300\" height=\"58\" srcset=\"https:\/\/ultrassonografialagoasanta.com.br\/wp-content\/uploads\/2020\/02\/wzap-300x58.png 300w, https:\/\/ultrassonografialagoasanta.com.br\/wp-content\/uploads\/2020\/02\/wzap-230x44.png 230w, https:\/\/ultrassonografialagoasanta.com.br\/wp-content\/uploads\/2020\/02\/wzap-350x68.png 350w, https:\/\/ultrassonografialagoasanta.com.br\/wp-content\/uploads\/2020\/02\/wzap.png 352w\" sizes=\"(max-width: 300px) 100vw, 300px\" \/><\/p>\n<h2><\/h2>\n<h2><span style=\"color: #ffffff;\">.<br \/>\n.<\/span><\/h2>\n<h2><img loading=\"lazy\" decoding=\"async\" class=\"alignnone size-medium wp-image-2022\" src=\"http:\/\/ultrassonografialagoasanta.com.br\/wp-content\/uploads\/2019\/08\/logo-clinica-300x32.png\" alt=\"\" width=\"300\" height=\"32\" srcset=\"https:\/\/ultrassonografialagoasanta.com.br\/wp-content\/uploads\/2019\/08\/logo-clinica-300x32.png 300w, https:\/\/ultrassonografialagoasanta.com.br\/wp-content\/uploads\/2019\/08\/logo-clinica-230x24.png 230w, https:\/\/ultrassonografialagoasanta.com.br\/wp-content\/uploads\/2019\/08\/logo-clinica.png 313w\" sizes=\"(max-width: 300px) 100vw, 300px\" \/><br \/>\n(31) 3681.1118<\/h2>\n<h6>Av Prefeito Jo\u00e3o Daher, 1075<br \/>\n(pr\u00f3ximo \u00e0 Rodovi\u00e1ria)<br \/>\nLundc\u00e9ia, Lagoa Santa\/MG<br \/>\nCEP: 33239-050<\/h6>\n<\/div>\n<\/div><\/div><\/div><\/div><\/div><\/div><\/div>","protected":false},"excerpt":{"rendered":"<p>A qualidade da Ultrassonografia S\u00e3o Camilo agora na Cl\u00ednica Lagoa Santa.<\/p>\n","protected":false},"author":1,"featured_media":0,"parent":0,"menu_order":0,"comment_status":"closed","ping_status":"closed","template":"page-templates\/page_front-page.php","meta":{"footnotes":""},"_links":{"self":[{"href":"https:\/\/ultrassonografialagoasanta.com.br\/index.php?rest_route=\/wp\/v2\/pages\/1997"}],"collection":[{"href":"https:\/\/ultrassonografialagoasanta.com.br\/index.php?rest_route=\/wp\/v2\/pages"}],"about":[{"href":"https:\/\/ultrassonografialagoasanta.com.br\/index.php?rest_route=\/wp\/v2\/types\/page"}],"author":[{"embeddable":true,"href":"https:\/\/ultrassonografialagoasanta.com.br\/index.php?rest_route=\/wp\/v2\/users\/1"}],"replies":[{"embeddable":true,"href":"https:\/\/ultrassonografialagoasanta.com.br\/index.php?rest_route=%2Fwp%2Fv2%2Fcomments&post=1997"}],"version-history":[{"count":63,"href":"https:\/\/ultrassonografialagoasanta.com.br\/index.php?rest_route=\/wp\/v2\/pages\/1997\/revisions"}],"predecessor-version":[{"id":2313,"href":"https:\/\/ultrassonografialagoasanta.com.br\/index.php?rest_route=\/wp\/v2\/pages\/1997\/revisions\/2313"}],"wp:attachment":[{"href":"https:\/\/ultrassonografialagoasanta.com.br\/index.php?rest_route=%2Fwp%2Fv2%2Fmedia&parent=1997"}],"curies":[{"name":"wp","href":"https:\/\/api.w.org\/{rel}","templated":true}]}}